{"id":78,"date":"2023-03-10T12:18:32","date_gmt":"2023-03-10T12:18:32","guid":{"rendered":"https:\/\/abogadoaccidentespr.com\/abogadoaccidentespr\/?page_id=78"},"modified":"2026-02-06T19:29:33","modified_gmt":"2026-02-06T19:29:33","slug":"contacto","status":"publish","type":"page","link":"https:\/\/abogadoaccidentespr.com\/en\/contacto\/","title":{"rendered":"Contact"},"content":{"rendered":"<div data-elementor-type=\"wp-page\" data-elementor-id=\"78\" class=\"elementor elementor-78\" data-elementor-settings=\"{&quot;ha_cmc_init_switcher&quot;:&quot;no&quot;}\">\n\t\t\t\t\t\t<section class=\"elementor-section elementor-top-section elementor-element elementor-element-69558ea elementor-section-height-min-height elementor-section-boxed elementor-section-height-default elementor-section-items-middle\" data-id=\"69558ea\" data-element_type=\"section\" data-settings=\"{&quot;jet_parallax_layout_list&quot;:[],&quot;background_background&quot;:&quot;classic&quot;,&quot;_ha_eqh_enable&quot;:false}\">\n\t\t\t\t\t\t\t<div class=\"elementor-background-overlay\"><\/div>\n\t\t\t\t\t\t\t<div class=\"elementor-container elementor-column-gap-default\">\n\t\t\t\t\t<div class=\"elementor-column elementor-col-100 elementor-top-column elementor-element elementor-element-6566557\" data-id=\"6566557\" data-element_type=\"column\">\n\t\t\t<div class=\"elementor-widget-wrap elementor-element-populated\">\n\t\t\t\t\t\t<div class=\"elementor-element elementor-element-3bf62d4 elementor-widget elementor-widget-heading\" data-id=\"3bf62d4\" data-element_type=\"widget\" data-widget_type=\"heading.default\">\n\t\t\t\t<div class=\"elementor-widget-container\">\n\t\t\t\t\t<h1 class=\"elementor-heading-title elementor-size-default\">Contact<\/h1>\t\t\t\t<\/div>\n\t\t\t\t<\/div>\n\t\t\t\t\t<\/div>\n\t\t<\/div>\n\t\t\t\t\t<\/div>\n\t\t<\/section>\n\t\t\t\t<section class=\"elementor-section elementor-top-section elementor-element elementor-element-75e6d9a elementor-section-height-min-height elementor-section-boxed elementor-section-height-default elementor-section-items-middle\" data-id=\"75e6d9a\" data-element_type=\"section\" data-settings=\"{&quot;jet_parallax_layout_list&quot;:[],&quot;background_background&quot;:&quot;classic&quot;,&quot;_ha_eqh_enable&quot;:false}\">\n\t\t\t\t\t\t<div class=\"elementor-container elementor-column-gap-default\">\n\t\t\t\t\t<div class=\"elementor-column elementor-col-100 elementor-top-column elementor-element elementor-element-2839ef2\" data-id=\"2839ef2\" data-element_type=\"column\">\n\t\t\t<div class=\"elementor-widget-wrap elementor-element-populated\">\n\t\t\t\t\t\t<div class=\"elementor-element elementor-element-10d36f9 elementor-widget elementor-widget-heading\" data-id=\"10d36f9\" data-element_type=\"widget\" data-widget_type=\"heading.default\">\n\t\t\t\t<div class=\"elementor-widget-container\">\n\t\t\t\t\t<h2 class=\"elementor-heading-title elementor-size-default\">You can reach us at <a style=\"color:#fff\">787-645-3086<\/a> or <a href=\"tel:787-522-4864\" style=\"color:#fff\">787-522-4864<\/a>,<br> Feel free to send us an email or use the form below.<\/h2>\t\t\t\t<\/div>\n\t\t\t\t<\/div>\n\t\t\t\t<div class=\"elementor-element elementor-element-1a536d6 ha-form-btn--right elementor-widget elementor-widget-ha-wpform happy-addon ha-wpform\" data-id=\"1a536d6\" data-element_type=\"widget\" data-widget_type=\"ha-wpform.default\">\n\t\t\t\t<div class=\"elementor-widget-container\">\n\t\t\t\t\t<div class=\"wpforms-container wpforms-container-full\" id=\"wpforms-287\"><form id=\"wpforms-form-287\" class=\"wpforms-validate wpforms-form wpforms-ajax-form\" data-formid=\"287\" method=\"post\" enctype=\"multipart\/form-data\" action=\"\/en\/wp-json\/wp\/v2\/pages\/78\" data-token=\"030632b50b65e218b8803bae8009a8d7\" data-token-time=\"1776007624\" data-trp-original-action=\"\/en\/wp-json\/wp\/v2\/pages\/78\"><noscript class=\"wpforms-error-noscript\">Please enable JavaScript in your browser to complete this form.<\/noscript><div class=\"wpforms-field-container\"><div id=\"wpforms-287-field_1-container\" class=\"wpforms-field wpforms-field-name\" data-field-id=\"1\"><label class=\"wpforms-field-label wpforms-label-hide\" for=\"wpforms-287-field_1\">Name <span class=\"wpforms-required-label\">*<\/span><\/label><input type=\"text\" id=\"wpforms-287-field_1\" class=\"wpforms-field-large wpforms-field-required\" name=\"wpforms[fields][1]\" placeholder=\"Name\" required><\/div><div id=\"wpforms-287-field_2-container\" class=\"wpforms-field wpforms-field-email\" data-field-id=\"2\"><label class=\"wpforms-field-label wpforms-label-hide\" for=\"wpforms-287-field_2\">Correo electr\u00f3nico <span class=\"wpforms-required-label\">*<\/span><\/label><input type=\"email\" id=\"wpforms-287-field_2\" class=\"wpforms-field-large wpforms-field-required\" name=\"wpforms[fields][2]\" placeholder=\"Email\" spellcheck=\"false\" required><\/div><div id=\"wpforms-287-field_3-container\" class=\"wpforms-field wpforms-field-text\" data-field-id=\"3\"><label class=\"wpforms-field-label wpforms-label-hide\" for=\"wpforms-287-field_3\">Telephone<\/label><input type=\"text\" id=\"wpforms-287-field_3\" class=\"wpforms-field-large wpforms-masked-input\" data-rule-inputmask-incomplete=\"1\" data-inputmask-mask=\"(999)-999-9999\" name=\"wpforms[fields][3]\" placeholder=\"Telephone\" ><\/div><div id=\"wpforms-287-field_4-container\" class=\"wpforms-field wpforms-field-textarea\" data-field-id=\"4\"><label class=\"wpforms-field-label wpforms-label-hide\" for=\"wpforms-287-field_4\">Mensaje <span class=\"wpforms-required-label\">*<\/span><\/label><textarea id=\"wpforms-287-field_4\" class=\"wpforms-field-large wpforms-field-required\" name=\"wpforms[fields][4]\" placeholder=\"Message\" required><\/textarea><\/div><\/div><!-- .wpforms-field-container --><div class=\"wpforms-recaptcha-container wpforms-is-recaptcha wpforms-is-recaptcha-type-v3\" ><input type=\"hidden\" name=\"wpforms[recaptcha]\" value=\"\"><\/div><div class=\"wpforms-submit-container\" ><input type=\"hidden\" name=\"wpforms[id]\" value=\"287\"><input type=\"hidden\" name=\"page_title\" value=\"\"><input type=\"hidden\" name=\"page_url\" value=\"https:\/\/abogadoaccidentespr.com\/en\/wp-json\/wp\/v2\/pages\/78\"><input type=\"hidden\" name=\"url_referer\" value=\"\"><button type=\"submit\" name=\"wpforms[submit]\" id=\"wpforms-submit-287\" class=\"wpforms-submit\" data-alt-text=\"Enviando...\" data-submit-text=\"Enviar\" aria-live=\"assertive\" value=\"wpforms-submit\">Send<\/button><img decoding=\"async\" src=\"https:\/\/abogadoaccidentespr.com\/wp-content\/plugins\/wpforms\/assets\/images\/submit-spin.svg\" class=\"wpforms-submit-spinner\" style=\"display: none;\" width=\"26\" height=\"26\" alt=\"Loading\"><\/div><input type=\"hidden\" name=\"trp-form-language\" value=\"en\"\/><\/form><\/div>  <!-- .wpforms-container -->\t\t\t\t<\/div>\n\t\t\t\t<\/div>\n\t\t\t\t\t<\/div>\n\t\t<\/div>\n\t\t\t\t\t<\/div>\n\t\t<\/section>\n\t\t\t\t<section class=\"elementor-section elementor-top-section elementor-element elementor-element-1812308 elementor-section-height-min-height elementor-section-boxed elementor-section-height-default elementor-section-items-middle\" data-id=\"1812308\" data-element_type=\"section\" data-settings=\"{&quot;jet_parallax_layout_list&quot;:[],&quot;background_background&quot;:&quot;gradient&quot;,&quot;_ha_eqh_enable&quot;:false}\">\n\t\t\t\t\t\t<div class=\"elementor-container elementor-column-gap-default\">\n\t\t\t\t\t<div class=\"elementor-column elementor-col-33 elementor-top-column elementor-element elementor-element-ab0222f\" data-id=\"ab0222f\" data-element_type=\"column\">\n\t\t\t<div class=\"elementor-widget-wrap elementor-element-populated\">\n\t\t\t\t\t\t<div class=\"elementor-element elementor-element-a4ddc5d elementor-position-top elementor-widget elementor-widget-image-box\" data-id=\"a4ddc5d\" data-element_type=\"widget\" data-widget_type=\"image-box.default\">\n\t\t\t\t<div class=\"elementor-widget-container\">\n\t\t\t\t\t<div class=\"elementor-image-box-wrapper\"><figure class=\"elementor-image-box-img\"><img fetchpriority=\"high\" decoding=\"async\" width=\"596\" height=\"614\" src=\"https:\/\/abogadoaccidentespr.com\/wp-content\/uploads\/2023\/03\/icono-1.png\" class=\"attachment-full size-full wp-image-275\" alt=\"\" srcset=\"https:\/\/abogadoaccidentespr.com\/wp-content\/uploads\/2023\/03\/icono-1.png 596w, https:\/\/abogadoaccidentespr.com\/wp-content\/uploads\/2023\/03\/icono-1-291x300.png 291w\" sizes=\"(max-width: 596px) 100vw, 596px\" \/><\/figure><div class=\"elementor-image-box-content\"><h3 class=\"elementor-image-box-title\">Hours<\/h3><p class=\"elementor-image-box-description\">Monday - Friday<br>\n8:00AM - 5:00PM<\/p><\/div><\/div>\t\t\t\t<\/div>\n\t\t\t\t<\/div>\n\t\t\t\t\t<\/div>\n\t\t<\/div>\n\t\t\t\t<div class=\"elementor-column elementor-col-33 elementor-top-column elementor-element elementor-element-34a19e6\" data-id=\"34a19e6\" data-element_type=\"column\">\n\t\t\t<div class=\"elementor-widget-wrap elementor-element-populated\">\n\t\t\t\t\t\t<div class=\"elementor-element elementor-element-3380581 elementor-position-top elementor-widget elementor-widget-image-box\" data-id=\"3380581\" data-element_type=\"widget\" data-widget_type=\"image-box.default\">\n\t\t\t\t<div class=\"elementor-widget-container\">\n\t\t\t\t\t<div class=\"elementor-image-box-wrapper\"><figure class=\"elementor-image-box-img\"><a href=\"mailto:riverovergnelaw@gmail.com\" target=\"_blank\" tabindex=\"-1\"><img decoding=\"async\" width=\"596\" height=\"614\" src=\"https:\/\/abogadoaccidentespr.com\/wp-content\/uploads\/2023\/03\/icono-2.png\" class=\"attachment-full size-full wp-image-274\" alt=\"\" srcset=\"https:\/\/abogadoaccidentespr.com\/wp-content\/uploads\/2023\/03\/icono-2.png 596w, https:\/\/abogadoaccidentespr.com\/wp-content\/uploads\/2023\/03\/icono-2-291x300.png 291w\" sizes=\"(max-width: 596px) 100vw, 596px\" \/><\/a><\/figure><div class=\"elementor-image-box-content\"><h3 class=\"elementor-image-box-title\"><a href=\"mailto:riverovergnelaw@gmail.com\" target=\"_blank\">Email<\/a><\/h3><p class=\"elementor-image-box-description\"><a href=\"mailto:riverovergnelaw@gmail.com\" target=\"blank\" style=\"color:#fff\">\nriverovergnelaw@gmail.com\n<\/a>\n\n\n<\/p><\/div><\/div>\t\t\t\t<\/div>\n\t\t\t\t<\/div>\n\t\t\t\t\t<\/div>\n\t\t<\/div>\n\t\t\t\t<div class=\"elementor-column elementor-col-33 elementor-top-column elementor-element elementor-element-afbc954\" data-id=\"afbc954\" data-element_type=\"column\">\n\t\t\t<div class=\"elementor-widget-wrap elementor-element-populated\">\n\t\t\t\t\t\t<div class=\"elementor-element elementor-element-1aba2c8 elementor-position-top elementor-widget elementor-widget-image-box\" data-id=\"1aba2c8\" data-element_type=\"widget\" data-widget_type=\"image-box.default\">\n\t\t\t\t<div class=\"elementor-widget-container\">\n\t\t\t\t\t<div class=\"elementor-image-box-wrapper\"><figure class=\"elementor-image-box-img\"><img loading=\"lazy\" decoding=\"async\" width=\"596\" height=\"614\" src=\"https:\/\/abogadoaccidentespr.com\/wp-content\/uploads\/2023\/03\/icono-3.png\" class=\"attachment-full size-full wp-image-276\" alt=\"\" srcset=\"https:\/\/abogadoaccidentespr.com\/wp-content\/uploads\/2023\/03\/icono-3.png 596w, https:\/\/abogadoaccidentespr.com\/wp-content\/uploads\/2023\/03\/icono-3-291x300.png 291w\" sizes=\"(max-width: 596px) 100vw, 596px\" \/><\/figure><div class=\"elementor-image-box-content\"><h3 class=\"elementor-image-box-title\">Methods of Payment<\/h3><p class=\"elementor-image-box-description\"><img decoding=\"async\" src=\"https:\/\/abogadoaccidentespr.com\/abogadoaccidentespr\/wp-content\/uploads\/2023\/03\/mtpgs.png\" width=\"40%\">\n<\/p><\/div><\/div>\t\t\t\t<\/div>\n\t\t\t\t<\/div>\n\t\t\t\t\t<\/div>\n\t\t<\/div>\n\t\t\t\t\t<\/div>\n\t\t<\/section>\n\t\t\t\t<\/div>","protected":false},"excerpt":{"rendered":"<p>Contacto Usted puede comunicarse con nosotros al 787-645-3086 o al 787-522-4864, env\u00edenos un correo electr\u00f3nico o utilice el formulario a continuaci\u00f3n Por favor, activa JavaScript en tu navegador para completar este formulario.Nombre *Correo electr\u00f3nico *Tel\u00e9fonoMensaje * Enviar Horarios Lunes &#8211; Viernes 8:00AM &#8211; 5:00PM Email riverovergnelaw@gmail.com M\u00e9todos de Pago<\/p>","protected":false},"author":1,"featured_media":0,"parent":0,"menu_order":0,"comment_status":"closed","ping_status":"closed","template":"elementor_header_footer","meta":{"_joinchat":[],"footnotes":""},"class_list":["post-78","page","type-page","status-publish","hentry"],"yoast_head":"<!-- This site is optimized with the Yoast SEO plugin v25.3.1 - https:\/\/yoast.com\/wordpress\/plugins\/seo\/ -->\n<title>Abogado Accidente | Rivero Vergne Law Offices | PR<\/title>\n<meta name=\"description\" content=\"35 a\u00f1os de experiencia ofreciendo servicio personalizado de alta calidad con expertos en el campo m\u00e9dico y reconstrucci\u00f3n de accidentes.\" \/>\n<meta name=\"robots\" content=\"index, follow, max-snippet:-1, max-image-preview:large, max-video-preview:-1\" \/>\n<link rel=\"canonical\" href=\"https:\/\/abogadoaccidentespr.com\/en\/contacto\/\" \/>\n<meta property=\"og:locale\" content=\"en_US\" \/>\n<meta property=\"og:type\" content=\"article\" \/>\n<meta property=\"og:title\" content=\"Abogado Accidente | Rivero Vergne Law Offices | PR\" \/>\n<meta property=\"og:description\" content=\"35 a\u00f1os de experiencia ofreciendo servicio personalizado de alta calidad con expertos en el campo m\u00e9dico y reconstrucci\u00f3n de accidentes.\" \/>\n<meta property=\"og:url\" content=\"https:\/\/abogadoaccidentespr.com\/en\/contacto\/\" \/>\n<meta property=\"og:site_name\" content=\"Rivero Vergne Law Offices\" \/>\n<meta property=\"article:modified_time\" content=\"2026-02-06T19:29:33+00:00\" \/>\n<meta property=\"og:image\" content=\"https:\/\/abogadoaccidentespr.com\/wp-content\/plugins\/wpforms\/assets\/images\/submit-spin.svg\" \/>\n<meta name=\"twitter:card\" content=\"summary_large_image\" \/>\n<meta name=\"twitter:label1\" content=\"Est. reading time\" \/>\n\t<meta name=\"twitter:data1\" content=\"2 minutes\" \/>\n<script type=\"application\/ld+json\" class=\"yoast-schema-graph\">{\"@context\":\"https:\/\/schema.org\",\"@graph\":[{\"@type\":\"WebPage\",\"@id\":\"https:\/\/abogadoaccidentespr.com\/contacto\/\",\"url\":\"https:\/\/abogadoaccidentespr.com\/contacto\/\",\"name\":\"Abogado Accidente | Rivero Vergne Law Offices | PR\",\"isPartOf\":{\"@id\":\"https:\/\/abogadoaccidentespr.com\/en\/#website\"},\"primaryImageOfPage\":{\"@id\":\"https:\/\/abogadoaccidentespr.com\/contacto\/#primaryimage\"},\"image\":{\"@id\":\"https:\/\/abogadoaccidentespr.com\/contacto\/#primaryimage\"},\"thumbnailUrl\":\"https:\/\/abogadoaccidentespr.com\/wp-content\/plugins\/wpforms\/assets\/images\/submit-spin.svg\",\"datePublished\":\"2023-03-10T12:18:32+00:00\",\"dateModified\":\"2026-02-06T19:29:33+00:00\",\"description\":\"35 a\u00f1os de experiencia ofreciendo servicio personalizado de alta calidad con expertos en el campo m\u00e9dico y reconstrucci\u00f3n de accidentes.\",\"breadcrumb\":{\"@id\":\"https:\/\/abogadoaccidentespr.com\/contacto\/#breadcrumb\"},\"inLanguage\":\"en-US\",\"potentialAction\":[{\"@type\":\"ReadAction\",\"target\":[\"https:\/\/abogadoaccidentespr.com\/contacto\/\"]}]},{\"@type\":\"ImageObject\",\"inLanguage\":\"en-US\",\"@id\":\"https:\/\/abogadoaccidentespr.com\/contacto\/#primaryimage\",\"url\":\"https:\/\/abogadoaccidentespr.com\/wp-content\/plugins\/wpforms\/assets\/images\/submit-spin.svg\",\"contentUrl\":\"https:\/\/abogadoaccidentespr.com\/wp-content\/plugins\/wpforms\/assets\/images\/submit-spin.svg\"},{\"@type\":\"BreadcrumbList\",\"@id\":\"https:\/\/abogadoaccidentespr.com\/contacto\/#breadcrumb\",\"itemListElement\":[{\"@type\":\"ListItem\",\"position\":1,\"name\":\"Portada\",\"item\":\"https:\/\/abogadoaccidentespr.com\/\"},{\"@type\":\"ListItem\",\"position\":2,\"name\":\"Contacto\"}]},{\"@type\":\"WebSite\",\"@id\":\"https:\/\/abogadoaccidentespr.com\/en\/#website\",\"url\":\"https:\/\/abogadoaccidentespr.com\/en\/\",\"name\":\"Rivero Vergne Law Offices\",\"description\":\"Proveemos servicio personalizado de alta calidad que incluye la evaluaci\u00f3n de su caso con expertos en el campo m\u00e9dico y reconstrucci\u00f3n de accidentes.\",\"publisher\":{\"@id\":\"https:\/\/abogadoaccidentespr.com\/en\/#organization\"},\"alternateName\":\"Rivero Vergne Law Offices PR\",\"potentialAction\":[{\"@type\":\"SearchAction\",\"target\":{\"@type\":\"EntryPoint\",\"urlTemplate\":\"https:\/\/abogadoaccidentespr.com\/en\/?s={search_term_string}\"},\"query-input\":{\"@type\":\"PropertyValueSpecification\",\"valueRequired\":true,\"valueName\":\"search_term_string\"}}],\"inLanguage\":\"en-US\"},{\"@type\":\"Organization\",\"@id\":\"https:\/\/abogadoaccidentespr.com\/en\/#organization\",\"name\":\"Rivero Vergne Law Offices\",\"alternateName\":\"Rivero Vergne Law Offices PR\",\"url\":\"https:\/\/abogadoaccidentespr.com\/en\/\",\"logo\":{\"@type\":\"ImageObject\",\"inLanguage\":\"en-US\",\"@id\":\"https:\/\/abogadoaccidentespr.com\/en\/#\/schema\/logo\/image\/\",\"url\":\"https:\/\/abogadoaccidentespr.com\/wp-content\/uploads\/2023\/02\/logo-2.png\",\"contentUrl\":\"https:\/\/abogadoaccidentespr.com\/wp-content\/uploads\/2023\/02\/logo-2.png\",\"width\":600,\"height\":105,\"caption\":\"Rivero Vergne Law Offices\"},\"image\":{\"@id\":\"https:\/\/abogadoaccidentespr.com\/en\/#\/schema\/logo\/image\/\"}}]}<\/script>\n<!-- \/ Yoast SEO plugin. -->","yoast_head_json":{"title":"Abogado Accidente | Rivero Vergne Law Offices | PR","description":"35 a\u00f1os de experiencia ofreciendo servicio personalizado de alta calidad con expertos en el campo m\u00e9dico y reconstrucci\u00f3n de accidentes.","robots":{"index":"index","follow":"follow","max-snippet":"max-snippet:-1","max-image-preview":"max-image-preview:large","max-video-preview":"max-video-preview:-1"},"canonical":"https:\/\/abogadoaccidentespr.com\/en\/contacto\/","og_locale":"en_US","og_type":"article","og_title":"Abogado Accidente | Rivero Vergne Law Offices | PR","og_description":"35 a\u00f1os de experiencia ofreciendo servicio personalizado de alta calidad con expertos en el campo m\u00e9dico y reconstrucci\u00f3n de accidentes.","og_url":"https:\/\/abogadoaccidentespr.com\/en\/contacto\/","og_site_name":"Rivero Vergne Law Offices","article_modified_time":"2026-02-06T19:29:33+00:00","og_image":[{"url":"https:\/\/abogadoaccidentespr.com\/wp-content\/plugins\/wpforms\/assets\/images\/submit-spin.svg","type":"","width":"","height":""}],"twitter_card":"summary_large_image","twitter_misc":{"Est. reading time":"2 minutes"},"schema":{"@context":"https:\/\/schema.org","@graph":[{"@type":"WebPage","@id":"https:\/\/abogadoaccidentespr.com\/contacto\/","url":"https:\/\/abogadoaccidentespr.com\/contacto\/","name":"Abogado Accidente | Rivero Vergne Law Offices | PR","isPartOf":{"@id":"https:\/\/abogadoaccidentespr.com\/en\/#website"},"primaryImageOfPage":{"@id":"https:\/\/abogadoaccidentespr.com\/contacto\/#primaryimage"},"image":{"@id":"https:\/\/abogadoaccidentespr.com\/contacto\/#primaryimage"},"thumbnailUrl":"https:\/\/abogadoaccidentespr.com\/wp-content\/plugins\/wpforms\/assets\/images\/submit-spin.svg","datePublished":"2023-03-10T12:18:32+00:00","dateModified":"2026-02-06T19:29:33+00:00","description":"35 a\u00f1os de experiencia ofreciendo servicio personalizado de alta calidad con expertos en el campo m\u00e9dico y reconstrucci\u00f3n de accidentes.","breadcrumb":{"@id":"https:\/\/abogadoaccidentespr.com\/contacto\/#breadcrumb"},"inLanguage":"en-US","potentialAction":[{"@type":"ReadAction","target":["https:\/\/abogadoaccidentespr.com\/contacto\/"]}]},{"@type":"ImageObject","inLanguage":"en-US","@id":"https:\/\/abogadoaccidentespr.com\/contacto\/#primaryimage","url":"https:\/\/abogadoaccidentespr.com\/wp-content\/plugins\/wpforms\/assets\/images\/submit-spin.svg","contentUrl":"https:\/\/abogadoaccidentespr.com\/wp-content\/plugins\/wpforms\/assets\/images\/submit-spin.svg"},{"@type":"BreadcrumbList","@id":"https:\/\/abogadoaccidentespr.com\/contacto\/#breadcrumb","itemListElement":[{"@type":"ListItem","position":1,"name":"Portada","item":"https:\/\/abogadoaccidentespr.com\/"},{"@type":"ListItem","position":2,"name":"Contacto"}]},{"@type":"WebSite","@id":"https:\/\/abogadoaccidentespr.com\/en\/#website","url":"https:\/\/abogadoaccidentespr.com\/en\/","name":"Rivero Vergne Law Offices","description":"Proveemos servicio personalizado de alta calidad que incluye la evaluaci\u00f3n de su caso con expertos en el campo m\u00e9dico y reconstrucci\u00f3n de accidentes.","publisher":{"@id":"https:\/\/abogadoaccidentespr.com\/en\/#organization"},"alternateName":"Rivero Vergne Law Offices PR","potentialAction":[{"@type":"SearchAction","target":{"@type":"EntryPoint","urlTemplate":"https:\/\/abogadoaccidentespr.com\/en\/?s={search_term_string}"},"query-input":{"@type":"PropertyValueSpecification","valueRequired":true,"valueName":"search_term_string"}}],"inLanguage":"en-US"},{"@type":"Organization","@id":"https:\/\/abogadoaccidentespr.com\/en\/#organization","name":"Rivero Vergne Law Offices","alternateName":"Rivero Vergne Law Offices PR","url":"https:\/\/abogadoaccidentespr.com\/en\/","logo":{"@type":"ImageObject","inLanguage":"en-US","@id":"https:\/\/abogadoaccidentespr.com\/en\/#\/schema\/logo\/image\/","url":"https:\/\/abogadoaccidentespr.com\/wp-content\/uploads\/2023\/02\/logo-2.png","contentUrl":"https:\/\/abogadoaccidentespr.com\/wp-content\/uploads\/2023\/02\/logo-2.png","width":600,"height":105,"caption":"Rivero Vergne Law Offices"},"image":{"@id":"https:\/\/abogadoaccidentespr.com\/en\/#\/schema\/logo\/image\/"}}]}},"_links":{"self":[{"href":"https:\/\/abogadoaccidentespr.com\/en\/wp-json\/wp\/v2\/pages\/78","targetHints":{"allow":["GET"]}}],"collection":[{"href":"https:\/\/abogadoaccidentespr.com\/en\/wp-json\/wp\/v2\/pages"}],"about":[{"href":"https:\/\/abogadoaccidentespr.com\/en\/wp-json\/wp\/v2\/types\/page"}],"author":[{"embeddable":true,"href":"https:\/\/abogadoaccidentespr.com\/en\/wp-json\/wp\/v2\/users\/1"}],"replies":[{"embeddable":true,"href":"https:\/\/abogadoaccidentespr.com\/en\/wp-json\/wp\/v2\/comments?post=78"}],"version-history":[{"count":85,"href":"https:\/\/abogadoaccidentespr.com\/en\/wp-json\/wp\/v2\/pages\/78\/revisions"}],"predecessor-version":[{"id":418,"href":"https:\/\/abogadoaccidentespr.com\/en\/wp-json\/wp\/v2\/pages\/78\/revisions\/418"}],"wp:attachment":[{"href":"https:\/\/abogadoaccidentespr.com\/en\/wp-json\/wp\/v2\/media?parent=78"}],"curies":[{"name":"wp","href":"https:\/\/api.w.org\/{rel}","templated":true}]}}