{"id":13,"date":"2023-02-01T13:56:58","date_gmt":"2023-02-01T13:56:58","guid":{"rendered":"https:\/\/abogadoaccidentespr.com\/abogadoaccidentespr\/?page_id=13"},"modified":"2026-02-06T19:29:07","modified_gmt":"2026-02-06T19:29:07","slug":"abogado-accidente","status":"publish","type":"page","link":"https:\/\/abogadoaccidentespr.com\/en\/","title":{"rendered":"About Us"},"content":{"rendered":"<div data-elementor-type=\"wp-page\" data-elementor-id=\"13\" class=\"elementor elementor-13\" data-elementor-settings=\"{&quot;ha_cmc_init_switcher&quot;:&quot;no&quot;}\">\n\t\t\t\t\t\t<section class=\"elementor-section elementor-top-section elementor-element elementor-element-dde0583 elementor-section-height-min-height elementor-section-boxed elementor-section-height-default elementor-section-items-middle\" data-id=\"dde0583\" data-element_type=\"section\" data-settings=\"{&quot;jet_parallax_layout_list&quot;:[],&quot;background_background&quot;:&quot;classic&quot;,&quot;_ha_eqh_enable&quot;:false}\">\n\t\t\t\t\t\t\t<div class=\"elementor-background-overlay\"><\/div>\n\t\t\t\t\t\t\t<div class=\"elementor-container elementor-column-gap-default\">\n\t\t\t\t\t<div class=\"elementor-column elementor-col-100 elementor-top-column elementor-element elementor-element-4ff97f9\" data-id=\"4ff97f9\" data-element_type=\"column\">\n\t\t\t<div class=\"elementor-widget-wrap elementor-element-populated\">\n\t\t\t\t\t\t<div class=\"elementor-element elementor-element-747571c elementor-widget elementor-widget-heading\" data-id=\"747571c\" data-element_type=\"widget\" data-widget_type=\"heading.default\">\n\t\t\t\t<div class=\"elementor-widget-container\">\n\t\t\t\t\t<h1 class=\"elementor-heading-title elementor-size-default\">DID YOU SUFFER AN<br>\nACCIDENT OR A FALL?<\/h1>\t\t\t\t<\/div>\n\t\t\t\t<\/div>\n\t\t\t\t<div class=\"elementor-element elementor-element-50e70cd elementor-widget-divider--view-line elementor-widget elementor-widget-divider\" data-id=\"50e70cd\" data-element_type=\"widget\" data-widget_type=\"divider.default\">\n\t\t\t\t<div class=\"elementor-widget-container\">\n\t\t\t\t\t\t\t<div class=\"elementor-divider\">\n\t\t\t<span class=\"elementor-divider-separator\">\n\t\t\t\t\t\t<\/span>\n\t\t<\/div>\n\t\t\t\t\t\t<\/div>\n\t\t\t\t<\/div>\n\t\t\t\t<div class=\"elementor-element elementor-element-b94c9f3 elementor-widget elementor-widget-text-editor\" data-id=\"b94c9f3\" data-element_type=\"widget\" data-widget_type=\"text-editor.default\">\n\t\t\t\t<div class=\"elementor-widget-container\">\n\t\t\t\t\t\t\t\t\tThe legal office of Lic. Rivero Vergne has<br>\nmore than 35 years of experience.\t\t\t\t\t\t\t\t<\/div>\n\t\t\t\t<\/div>\n\t\t\t\t\t<\/div>\n\t\t<\/div>\n\t\t\t\t\t<\/div>\n\t\t<\/section>\n\t\t\t\t<section class=\"elementor-section elementor-top-section elementor-element elementor-element-d0bd4b6 elementor-section-height-min-height elementor-section-boxed elementor-section-height-default elementor-section-items-middle\" data-id=\"d0bd4b6\" data-element_type=\"section\" data-settings=\"{&quot;jet_parallax_layout_list&quot;:[],&quot;background_background&quot;:&quot;classic&quot;,&quot;_ha_eqh_enable&quot;:false}\">\n\t\t\t\t\t\t<div class=\"elementor-container elementor-column-gap-default\">\n\t\t\t\t\t<div class=\"elementor-column elementor-col-100 elementor-top-column elementor-element elementor-element-9e9e9b2\" data-id=\"9e9e9b2\" data-element_type=\"column\">\n\t\t\t<div class=\"elementor-widget-wrap elementor-element-populated\">\n\t\t\t\t\t\t<div class=\"elementor-element elementor-element-0a558a8 elementor-widget elementor-widget-text-editor\" data-id=\"0a558a8\" data-element_type=\"widget\" data-widget_type=\"text-editor.default\">\n\t\t\t\t<div class=\"elementor-widget-container\">\n\t\t\t\t\t\t\t\t\t<p>The legal office of Attorney Jos\u00e9 L. Rivero-Vergne has more than 35 years of experience focused on civil litigations in federal and state forums, with an emphasis on cases involving car accidents and falls. We provide personalized high-quality service,including case evaluation with experts in the medical field and accident reconstruction. Free and completely confidential consultation.<\/p>\t\t\t\t\t\t\t\t<\/div>\n\t\t\t\t<\/div>\n\t\t\t\t<div class=\"elementor-element elementor-element-7441edc elementor-widget elementor-widget-heading\" data-id=\"7441edc\" data-element_type=\"widget\" data-widget_type=\"heading.default\">\n\t\t\t\t<div class=\"elementor-widget-container\">\n\t\t\t\t\t<h2 class=\"elementor-heading-title elementor-size-default\">We specialize in<br>\npersonal injury claims:<\/h2>\t\t\t\t<\/div>\n\t\t\t\t<\/div>\n\t\t\t\t<section class=\"elementor-section elementor-inner-section elementor-element elementor-element-afc579a elementor-section-boxed elementor-section-height-default elementor-section-height-default\" data-id=\"afc579a\" data-element_type=\"section\" data-settings=\"{&quot;jet_parallax_layout_list&quot;:[],&quot;_ha_eqh_enable&quot;:&quot;yes&quot;,&quot;_ha_eqh_widget&quot;:[&quot;ha-card&quot;],&quot;_ha_eqh_to&quot;:&quot;widget&quot;,&quot;_ha_eqh_disable_on_tablet&quot;:&quot;no&quot;,&quot;_ha_eqh_disable_on_mobile&quot;:&quot;yes&quot;}\">\n\t\t\t\t\t\t<div class=\"elementor-container elementor-column-gap-default\">\n\t\t\t\t\t<div class=\"elementor-column elementor-col-25 elementor-inner-column elementor-element elementor-element-1f56638\" data-id=\"1f56638\" data-element_type=\"column\">\n\t\t\t<div class=\"elementor-widget-wrap elementor-element-populated\">\n\t\t\t\t\t\t<div class=\"elementor-element elementor-element-cbb76cf ha-card--top ha-card--tablet-top ha-card--mobile-top elementor-widget elementor-widget-ha-card happy-addon ha-card\" data-id=\"cbb76cf\" data-element_type=\"widget\" data-widget_type=\"ha-card.default\">\n\t\t\t\t<div class=\"elementor-widget-container\">\n\t\t\t\t\t\n\t\t\t\t\t<figure class=\"ha-card-figure\">\n\t\t\t\t<img fetchpriority=\"high\" decoding=\"async\" width=\"800\" height=\"487\" src=\"https:\/\/abogadoaccidentespr.com\/wp-content\/uploads\/2023\/02\/Recurso-2-1024x623.png\" class=\"attachment-large size-large wp-image-96\" alt=\"\" srcset=\"https:\/\/abogadoaccidentespr.com\/wp-content\/uploads\/2023\/02\/Recurso-2-1024x623.png 1024w, https:\/\/abogadoaccidentespr.com\/wp-content\/uploads\/2023\/02\/Recurso-2-300x183.png 300w, https:\/\/abogadoaccidentespr.com\/wp-content\/uploads\/2023\/02\/Recurso-2-768x467.png 768w, https:\/\/abogadoaccidentespr.com\/wp-content\/uploads\/2023\/02\/Recurso-2-1536x935.png 1536w, https:\/\/abogadoaccidentespr.com\/wp-content\/uploads\/2023\/02\/Recurso-2.png 1785w\" sizes=\"(max-width: 800px) 100vw, 800px\" \/>\t\t\t\t\t\t\t<\/figure>\n\t\t\n\t\t<div class=\"ha-card-body\">\n\n\t\t\t<h2 class=\"ha-card-title\">Slips and Falls<\/h2>\n\t\t\t\t\t\t\t<div class=\"ha-card-text\">\n\t\t\t\t\t<p>We handle cases involving slips or falls on sidewalks, streets, and in businesses.\n\n<\/p>\n\t\t\t\t<\/div>\n\t\t\t\n\t\t\t\t\t<\/div>\n\t\t\t\t\t\t<\/div>\n\t\t\t\t<\/div>\n\t\t\t\t\t<\/div>\n\t\t<\/div>\n\t\t\t\t<div class=\"elementor-column elementor-col-25 elementor-inner-column elementor-element elementor-element-7b4b735\" data-id=\"7b4b735\" data-element_type=\"column\">\n\t\t\t<div class=\"elementor-widget-wrap elementor-element-populated\">\n\t\t\t\t\t\t<div class=\"elementor-element elementor-element-2438632 ha-card--top ha-card--tablet-top ha-card--mobile-top elementor-widget elementor-widget-ha-card happy-addon ha-card\" data-id=\"2438632\" data-element_type=\"widget\" data-widget_type=\"ha-card.default\">\n\t\t\t\t<div class=\"elementor-widget-container\">\n\t\t\t\t\t\n\t\t\t\t\t<figure class=\"ha-card-figure\">\n\t\t\t\t<img decoding=\"async\" width=\"800\" height=\"487\" src=\"https:\/\/abogadoaccidentespr.com\/wp-content\/uploads\/2023\/02\/Recurso-3-1024x623.png\" class=\"attachment-large size-large wp-image-94\" alt=\"\" srcset=\"https:\/\/abogadoaccidentespr.com\/wp-content\/uploads\/2023\/02\/Recurso-3-1024x623.png 1024w, https:\/\/abogadoaccidentespr.com\/wp-content\/uploads\/2023\/02\/Recurso-3-300x183.png 300w, https:\/\/abogadoaccidentespr.com\/wp-content\/uploads\/2023\/02\/Recurso-3-768x467.png 768w, https:\/\/abogadoaccidentespr.com\/wp-content\/uploads\/2023\/02\/Recurso-3-1536x935.png 1536w, https:\/\/abogadoaccidentespr.com\/wp-content\/uploads\/2023\/02\/Recurso-3.png 1785w\" sizes=\"(max-width: 800px) 100vw, 800px\" \/>\t\t\t\t\t\t\t<\/figure>\n\t\t\n\t\t<div class=\"ha-card-body\">\n\n\t\t\t<h2 class=\"ha-card-title\">Car Accidents<\/h2>\n\t\t\t\t\t\t\t<div class=\"ha-card-text\">\n\t\t\t\t\t<p>Did you suffer damages in an accident? Call us, and we can assist and legally represent you.\n\n<\/p>\n\t\t\t\t<\/div>\n\t\t\t\n\t\t\t\t\t<\/div>\n\t\t\t\t\t\t<\/div>\n\t\t\t\t<\/div>\n\t\t\t\t\t<\/div>\n\t\t<\/div>\n\t\t\t\t<div class=\"elementor-column elementor-col-25 elementor-inner-column elementor-element elementor-element-063f30b\" data-id=\"063f30b\" data-element_type=\"column\">\n\t\t\t<div class=\"elementor-widget-wrap elementor-element-populated\">\n\t\t\t\t\t\t<div class=\"elementor-element elementor-element-8833295 ha-card--top ha-card--tablet-top ha-card--mobile-top elementor-widget elementor-widget-ha-card happy-addon ha-card\" data-id=\"8833295\" data-element_type=\"widget\" data-widget_type=\"ha-card.default\">\n\t\t\t\t<div class=\"elementor-widget-container\">\n\t\t\t\t\t\n\t\t\t\t\t<figure class=\"ha-card-figure\">\n\t\t\t\t<img decoding=\"async\" width=\"800\" height=\"534\" src=\"https:\/\/abogadoaccidentespr.com\/wp-content\/uploads\/2023\/02\/justicia.jpg\" class=\"attachment-large size-large wp-image-123\" alt=\"\" srcset=\"https:\/\/abogadoaccidentespr.com\/wp-content\/uploads\/2023\/02\/justicia.jpg 1000w, https:\/\/abogadoaccidentespr.com\/wp-content\/uploads\/2023\/02\/justicia-300x200.jpg 300w, https:\/\/abogadoaccidentespr.com\/wp-content\/uploads\/2023\/02\/justicia-768x512.jpg 768w\" sizes=\"(max-width: 800px) 100vw, 800px\" \/>\t\t\t\t\t\t\t<\/figure>\n\t\t\n\t\t<div class=\"ha-card-body\">\n\n\t\t\t<h2 class=\"ha-card-title\">Personal Injury Lawsuits for Car Accidents and Falls<\/h2>\n\t\t\t\t\t\t\t<div class=\"ha-card-text\">\n\t\t\t\t\t<p>We work on insurance claims for accidents.<\/p>\n\t\t\t\t<\/div>\n\t\t\t\n\t\t\t\t\t<\/div>\n\t\t\t\t\t\t<\/div>\n\t\t\t\t<\/div>\n\t\t\t\t\t<\/div>\n\t\t<\/div>\n\t\t\t\t<div class=\"elementor-column elementor-col-25 elementor-inner-column elementor-element elementor-element-7c8eefe\" data-id=\"7c8eefe\" data-element_type=\"column\">\n\t\t\t<div class=\"elementor-widget-wrap elementor-element-populated\">\n\t\t\t\t\t\t<div class=\"elementor-element elementor-element-15eb07c ha-card--top ha-card--tablet-top ha-card--mobile-top elementor-widget elementor-widget-ha-card happy-addon ha-card\" data-id=\"15eb07c\" data-element_type=\"widget\" data-widget_type=\"ha-card.default\">\n\t\t\t\t<div class=\"elementor-widget-container\">\n\t\t\t\t\t\n\t\t\t\t\t<figure class=\"ha-card-figure\">\n\t\t\t\t<img loading=\"lazy\" decoding=\"async\" width=\"800\" height=\"487\" src=\"https:\/\/abogadoaccidentespr.com\/wp-content\/uploads\/2023\/02\/Recurso-5-1024x623.png\" class=\"attachment-large size-large wp-image-95\" alt=\"\" srcset=\"https:\/\/abogadoaccidentespr.com\/wp-content\/uploads\/2023\/02\/Recurso-5-1024x623.png 1024w, https:\/\/abogadoaccidentespr.com\/wp-content\/uploads\/2023\/02\/Recurso-5-300x183.png 300w, https:\/\/abogadoaccidentespr.com\/wp-content\/uploads\/2023\/02\/Recurso-5-768x467.png 768w, https:\/\/abogadoaccidentespr.com\/wp-content\/uploads\/2023\/02\/Recurso-5-1536x935.png 1536w, https:\/\/abogadoaccidentespr.com\/wp-content\/uploads\/2023\/02\/Recurso-5.png 1785w\" sizes=\"(max-width: 800px) 100vw, 800px\" \/>\t\t\t\t\t\t\t<\/figure>\n\t\t\n\t\t<div class=\"ha-card-body\">\n\n\t\t\t<h2 class=\"ha-card-title\">Federal Litigation Practice<\/h2>\n\t\t\t\t\t\t\t<div class=\"ha-card-text\">\n\t\t\t\t\t<p>We emphasize personal injuries, car accidents, premises liability, and product liability.<\/p>\n\t\t\t\t<\/div>\n\t\t\t\n\t\t\t\t\t<\/div>\n\t\t\t\t\t\t<\/div>\n\t\t\t\t<\/div>\n\t\t\t\t\t<\/div>\n\t\t<\/div>\n\t\t\t\t\t<\/div>\n\t\t<\/section>\n\t\t\t\t\t<\/div>\n\t\t<\/div>\n\t\t\t\t\t<\/div>\n\t\t<\/section>\n\t\t\t\t<section class=\"elementor-section elementor-top-section elementor-element elementor-element-68783a5 elementor-section-height-min-height elementor-section-boxed elementor-section-height-default elementor-section-items-middle\" data-id=\"68783a5\" data-element_type=\"section\" data-settings=\"{&quot;jet_parallax_layout_list&quot;:[],&quot;background_background&quot;:&quot;classic&quot;,&quot;_ha_eqh_enable&quot;:false}\">\n\t\t\t\t\t\t<div class=\"elementor-container elementor-column-gap-default\">\n\t\t\t\t\t<div class=\"elementor-column elementor-col-100 elementor-top-column elementor-element elementor-element-e718f5b\" data-id=\"e718f5b\" data-element_type=\"column\">\n\t\t\t<div class=\"elementor-widget-wrap elementor-element-populated\">\n\t\t\t\t\t\t<div class=\"elementor-element elementor-element-33c2c17 elementor-widget elementor-widget-text-editor\" data-id=\"33c2c17\" data-element_type=\"widget\" data-widget_type=\"text-editor.default\">\n\t\t\t\t<div class=\"elementor-widget-container\">\n\t\t\t\t\t\t\t\t\t<p>We provide the highest quality of personalized representation, including case evaluation and handling the accident insurance claim.<\/p>\t\t\t\t\t\t\t\t<\/div>\n\t\t\t\t<\/div>\n\t\t\t\t\t<\/div>\n\t\t<\/div>\n\t\t\t\t\t<\/div>\n\t\t<\/section>\n\t\t\t\t<\/div>","protected":false},"excerpt":{"rendered":"<p>\u00bfSUFRI\u00d3 UN ACCIDENTE O CA\u00cdDA? La Oficina Legal del Lic. Rivero Vergne cuenta con m\u00e1s de 35 a\u00f1os de experiencia. La oficina legal del Licenciado Jos\u00e9 L. Rivero-Vergne, cuenta con 35 a\u00f1os de experiencia concentrada en la litigaci\u00f3n civil ante los foros federales y estatales con \u00e9nfasis en casos de accidentes de autom\u00f3viles y ca\u00eddas. [&hellip;]<\/p>","protected":false},"author":1,"featured_media":94,"parent":0,"menu_order":0,"comment_status":"closed","ping_status":"closed","template":"elementor_header_footer","meta":{"_joinchat":[],"footnotes":""},"class_list":["post-13","page","type-page","status-publish","has-post-thumbnail","hentry"],"yoast_head":"<!-- This site is optimized with the Yoast SEO plugin v25.3.1 - https:\/\/yoast.com\/wordpress\/plugins\/seo\/ -->\n<title>Abogado Accidente | Rivero Vergne Law Offices | PR<\/title>\n<meta name=\"description\" content=\"35 a\u00f1os de experiencia ofreciendo servicio personalizado de alta calidad con expertos en el campo m\u00e9dico y reconstrucci\u00f3n de accidentes.\" \/>\n<meta name=\"robots\" content=\"index, follow, max-snippet:-1, max-image-preview:large, max-video-preview:-1\" \/>\n<link rel=\"canonical\" href=\"https:\/\/abogadoaccidentespr.com\/en\/\" \/>\n<meta property=\"og:locale\" content=\"en_US\" \/>\n<meta property=\"og:type\" content=\"article\" \/>\n<meta property=\"og:title\" content=\"Abogado Accidente | Rivero Vergne Law Offices | PR\" \/>\n<meta property=\"og:description\" content=\"Proveemos servicio personalizado de alta calidad con expertos en el campo m\u00e9dico y reconstrucci\u00f3n de accidentes.\" \/>\n<meta property=\"og:url\" content=\"https:\/\/abogadoaccidentespr.com\/en\/\" \/>\n<meta property=\"og:site_name\" content=\"Rivero Vergne Law Offices\" \/>\n<meta property=\"article:modified_time\" content=\"2026-02-06T19:29:07+00:00\" \/>\n<meta property=\"og:image\" content=\"https:\/\/abogadoaccidentespr.com\/wp-content\/uploads\/2023\/02\/logo-2.png\" \/>\n\t<meta property=\"og:image:width\" content=\"600\" \/>\n\t<meta property=\"og:image:height\" content=\"105\" \/>\n\t<meta property=\"og:image:type\" content=\"image\/png\" \/>\n<meta name=\"twitter:card\" content=\"summary_large_image\" \/>\n<meta name=\"twitter:title\" content=\"Abogado Accidente | Rivero Vergne Law Offices | PR\" \/>\n<meta name=\"twitter:description\" content=\"Proveemos servicio personalizado de alta calidad con expertos en el campo m\u00e9dico y reconstrucci\u00f3n de accidentes.\" \/>\n<meta name=\"twitter:image\" content=\"https:\/\/abogadoaccidentespr.com\/wp-content\/uploads\/2023\/02\/logo-2.png\" \/>\n<meta name=\"twitter:label1\" content=\"Est. reading time\" \/>\n\t<meta name=\"twitter:data1\" content=\"2 minutes\" \/>\n<script type=\"application\/ld+json\" class=\"yoast-schema-graph\">{\"@context\":\"https:\/\/schema.org\",\"@graph\":[{\"@type\":\"WebPage\",\"@id\":\"https:\/\/abogadoaccidentespr.com\/\",\"url\":\"https:\/\/abogadoaccidentespr.com\/\",\"name\":\"Abogado Accidente | Rivero Vergne Law Offices | PR\",\"isPartOf\":{\"@id\":\"https:\/\/abogadoaccidentespr.com\/en\/#website\"},\"primaryImageOfPage\":{\"@id\":\"https:\/\/abogadoaccidentespr.com\/#primaryimage\"},\"image\":{\"@id\":\"https:\/\/abogadoaccidentespr.com\/#primaryimage\"},\"thumbnailUrl\":\"https:\/\/abogadoaccidentespr.com\/wp-content\/uploads\/2023\/02\/Recurso-3.png\",\"datePublished\":\"2023-02-01T13:56:58+00:00\",\"dateModified\":\"2026-02-06T19:29:07+00:00\",\"description\":\"35 a\u00f1os de experiencia ofreciendo servicio personalizado de alta calidad con expertos en el campo m\u00e9dico y reconstrucci\u00f3n de accidentes.\",\"breadcrumb\":{\"@id\":\"https:\/\/abogadoaccidentespr.com\/#breadcrumb\"},\"inLanguage\":\"en-US\",\"potentialAction\":[{\"@type\":\"ReadAction\",\"target\":[\"https:\/\/abogadoaccidentespr.com\/\"]}]},{\"@type\":\"ImageObject\",\"inLanguage\":\"en-US\",\"@id\":\"https:\/\/abogadoaccidentespr.com\/#primaryimage\",\"url\":\"https:\/\/abogadoaccidentespr.com\/wp-content\/uploads\/2023\/02\/Recurso-3.png\",\"contentUrl\":\"https:\/\/abogadoaccidentespr.com\/wp-content\/uploads\/2023\/02\/Recurso-3.png\",\"width\":1785,\"height\":1086},{\"@type\":\"BreadcrumbList\",\"@id\":\"https:\/\/abogadoaccidentespr.com\/#breadcrumb\",\"itemListElement\":[{\"@type\":\"ListItem\",\"position\":1,\"name\":\"Portada\",\"item\":\"https:\/\/abogadoaccidentespr.com\/\"},{\"@type\":\"ListItem\",\"position\":2,\"name\":\"Inicio\"}]},{\"@type\":\"WebSite\",\"@id\":\"https:\/\/abogadoaccidentespr.com\/en\/#website\",\"url\":\"https:\/\/abogadoaccidentespr.com\/en\/\",\"name\":\"Rivero Vergne Law Offices\",\"description\":\"Proveemos servicio personalizado de alta calidad que incluye la evaluaci\u00f3n de su caso con expertos en el campo m\u00e9dico y reconstrucci\u00f3n de accidentes.\",\"publisher\":{\"@id\":\"https:\/\/abogadoaccidentespr.com\/en\/#organization\"},\"alternateName\":\"Rivero Vergne Law Offices PR\",\"potentialAction\":[{\"@type\":\"SearchAction\",\"target\":{\"@type\":\"EntryPoint\",\"urlTemplate\":\"https:\/\/abogadoaccidentespr.com\/en\/?s={search_term_string}\"},\"query-input\":{\"@type\":\"PropertyValueSpecification\",\"valueRequired\":true,\"valueName\":\"search_term_string\"}}],\"inLanguage\":\"en-US\"},{\"@type\":\"Organization\",\"@id\":\"https:\/\/abogadoaccidentespr.com\/en\/#organization\",\"name\":\"Rivero Vergne Law Offices\",\"alternateName\":\"Rivero Vergne Law Offices PR\",\"url\":\"https:\/\/abogadoaccidentespr.com\/en\/\",\"logo\":{\"@type\":\"ImageObject\",\"inLanguage\":\"en-US\",\"@id\":\"https:\/\/abogadoaccidentespr.com\/en\/#\/schema\/logo\/image\/\",\"url\":\"https:\/\/abogadoaccidentespr.com\/wp-content\/uploads\/2023\/02\/logo-2.png\",\"contentUrl\":\"https:\/\/abogadoaccidentespr.com\/wp-content\/uploads\/2023\/02\/logo-2.png\",\"width\":600,\"height\":105,\"caption\":\"Rivero Vergne Law Offices\"},\"image\":{\"@id\":\"https:\/\/abogadoaccidentespr.com\/en\/#\/schema\/logo\/image\/\"}}]}<\/script>\n<!-- \/ Yoast SEO plugin. -->","yoast_head_json":{"title":"Abogado Accidente | Rivero Vergne Law Offices | PR","description":"35 a\u00f1os de experiencia ofreciendo servicio personalizado de alta calidad con expertos en el campo m\u00e9dico y reconstrucci\u00f3n de accidentes.","robots":{"index":"index","follow":"follow","max-snippet":"max-snippet:-1","max-image-preview":"max-image-preview:large","max-video-preview":"max-video-preview:-1"},"canonical":"https:\/\/abogadoaccidentespr.com\/en\/","og_locale":"en_US","og_type":"article","og_title":"Abogado Accidente | Rivero Vergne Law Offices | PR","og_description":"Proveemos servicio personalizado de alta calidad con expertos en el campo m\u00e9dico y reconstrucci\u00f3n de accidentes.","og_url":"https:\/\/abogadoaccidentespr.com\/en\/","og_site_name":"Rivero Vergne Law Offices","article_modified_time":"2026-02-06T19:29:07+00:00","og_image":[{"width":600,"height":105,"url":"https:\/\/abogadoaccidentespr.com\/wp-content\/uploads\/2023\/02\/logo-2.png","type":"image\/png"}],"twitter_card":"summary_large_image","twitter_title":"Abogado Accidente | Rivero Vergne Law Offices | PR","twitter_description":"Proveemos servicio personalizado de alta calidad con expertos en el campo m\u00e9dico y reconstrucci\u00f3n de accidentes.","twitter_image":"https:\/\/abogadoaccidentespr.com\/wp-content\/uploads\/2023\/02\/logo-2.png","twitter_misc":{"Est. reading time":"2 minutes"},"schema":{"@context":"https:\/\/schema.org","@graph":[{"@type":"WebPage","@id":"https:\/\/abogadoaccidentespr.com\/","url":"https:\/\/abogadoaccidentespr.com\/","name":"Abogado Accidente | Rivero Vergne Law Offices | PR","isPartOf":{"@id":"https:\/\/abogadoaccidentespr.com\/en\/#website"},"primaryImageOfPage":{"@id":"https:\/\/abogadoaccidentespr.com\/#primaryimage"},"image":{"@id":"https:\/\/abogadoaccidentespr.com\/#primaryimage"},"thumbnailUrl":"https:\/\/abogadoaccidentespr.com\/wp-content\/uploads\/2023\/02\/Recurso-3.png","datePublished":"2023-02-01T13:56:58+00:00","dateModified":"2026-02-06T19:29:07+00:00","description":"35 a\u00f1os de experiencia ofreciendo servicio personalizado de alta calidad con expertos en el campo m\u00e9dico y reconstrucci\u00f3n de accidentes.","breadcrumb":{"@id":"https:\/\/abogadoaccidentespr.com\/#breadcrumb"},"inLanguage":"en-US","potentialAction":[{"@type":"ReadAction","target":["https:\/\/abogadoaccidentespr.com\/"]}]},{"@type":"ImageObject","inLanguage":"en-US","@id":"https:\/\/abogadoaccidentespr.com\/#primaryimage","url":"https:\/\/abogadoaccidentespr.com\/wp-content\/uploads\/2023\/02\/Recurso-3.png","contentUrl":"https:\/\/abogadoaccidentespr.com\/wp-content\/uploads\/2023\/02\/Recurso-3.png","width":1785,"height":1086},{"@type":"BreadcrumbList","@id":"https:\/\/abogadoaccidentespr.com\/#breadcrumb","itemListElement":[{"@type":"ListItem","position":1,"name":"Portada","item":"https:\/\/abogadoaccidentespr.com\/"},{"@type":"ListItem","position":2,"name":"Inicio"}]},{"@type":"WebSite","@id":"https:\/\/abogadoaccidentespr.com\/en\/#website","url":"https:\/\/abogadoaccidentespr.com\/en\/","name":"Rivero Vergne Law Offices","description":"Proveemos servicio personalizado de alta calidad que incluye la evaluaci\u00f3n de su caso con expertos en el campo m\u00e9dico y reconstrucci\u00f3n de accidentes.","publisher":{"@id":"https:\/\/abogadoaccidentespr.com\/en\/#organization"},"alternateName":"Rivero Vergne Law Offices PR","potentialAction":[{"@type":"SearchAction","target":{"@type":"EntryPoint","urlTemplate":"https:\/\/abogadoaccidentespr.com\/en\/?s={search_term_string}"},"query-input":{"@type":"PropertyValueSpecification","valueRequired":true,"valueName":"search_term_string"}}],"inLanguage":"en-US"},{"@type":"Organization","@id":"https:\/\/abogadoaccidentespr.com\/en\/#organization","name":"Rivero Vergne Law Offices","alternateName":"Rivero Vergne Law Offices PR","url":"https:\/\/abogadoaccidentespr.com\/en\/","logo":{"@type":"ImageObject","inLanguage":"en-US","@id":"https:\/\/abogadoaccidentespr.com\/en\/#\/schema\/logo\/image\/","url":"https:\/\/abogadoaccidentespr.com\/wp-content\/uploads\/2023\/02\/logo-2.png","contentUrl":"https:\/\/abogadoaccidentespr.com\/wp-content\/uploads\/2023\/02\/logo-2.png","width":600,"height":105,"caption":"Rivero Vergne Law Offices"},"image":{"@id":"https:\/\/abogadoaccidentespr.com\/en\/#\/schema\/logo\/image\/"}}]}},"_links":{"self":[{"href":"https:\/\/abogadoaccidentespr.com\/en\/wp-json\/wp\/v2\/pages\/13","targetHints":{"allow":["GET"]}}],"collection":[{"href":"https:\/\/abogadoaccidentespr.com\/en\/wp-json\/wp\/v2\/pages"}],"about":[{"href":"https:\/\/abogadoaccidentespr.com\/en\/wp-json\/wp\/v2\/types\/page"}],"author":[{"embeddable":true,"href":"https:\/\/abogadoaccidentespr.com\/en\/wp-json\/wp\/v2\/users\/1"}],"replies":[{"embeddable":true,"href":"https:\/\/abogadoaccidentespr.com\/en\/wp-json\/wp\/v2\/comments?post=13"}],"version-history":[{"count":41,"href":"https:\/\/abogadoaccidentespr.com\/en\/wp-json\/wp\/v2\/pages\/13\/revisions"}],"predecessor-version":[{"id":415,"href":"https:\/\/abogadoaccidentespr.com\/en\/wp-json\/wp\/v2\/pages\/13\/revisions\/415"}],"wp:featuredmedia":[{"embeddable":true,"href":"https:\/\/abogadoaccidentespr.com\/en\/wp-json\/wp\/v2\/media\/94"}],"wp:attachment":[{"href":"https:\/\/abogadoaccidentespr.com\/en\/wp-json\/wp\/v2\/media?parent=13"}],"curies":[{"name":"wp","href":"https:\/\/api.w.org\/{rel}","templated":true}]}}